{"id":26672,"date":"2024-08-08T16:50:58","date_gmt":"2024-08-08T13:50:58","guid":{"rendered":"https:\/\/brentina.ro\/product\/fem-klipek\/"},"modified":"2025-01-14T13:01:29","modified_gmt":"2025-01-14T11:01:29","slug":"fem-klipek","status":"publish","type":"product","link":"https:\/\/brentina.ro\/hu\/termek\/fem-klipek\/","title":{"rendered":"F\u00e9mcsipesz \u00e9s f\u00e9mgy\u0171r\u0171s csipesz"},"content":{"rendered":"","protected":false},"excerpt":{"rendered":"<p><span class=\"HwtZe\" lang=\"hu\"><span class=\"jCAhz\"><span class=\"ryNqvb\">F\u00e9mcsipesz \u00e9s f\u00e9mgy\u0171r\u0171s csipesz. <\/span><\/span><\/span><\/p>\n<p><span class=\"HwtZe\" lang=\"hu\"><span class=\"jCAhz ChMk0b\"><span class=\"ryNqvb\">A csipesz 18mm-es, a kamp\u00f3val egy\u00fctt 35mm. <\/span><\/span><span class=\"jCAhz ChMk0b\"><span class=\"ryNqvb\">A f\u00e9mgy\u0171r\u0171 bels\u0151 \u00e1tm\u00e9tere \u00d8 34 mm \u00e9s k\u00fclseje \u00d8 40 mm. <\/span><\/span><\/span><\/p>\n<p><span class=\"HwtZe\" lang=\"hu\"><span class=\"jCAhz ChMk0b\"><span class=\"ryNqvb\">100 darabos a csomagol\u00e1sa<\/span><\/span><\/span><\/p>\n","protected":false},"featured_media":28336,"template":"","meta":[],"product_cat":[298,560],"product_tag":[],"_links":{"self":[{"href":"https:\/\/brentina.ro\/hu\/wp-json\/wp\/v2\/product\/26672"}],"collection":[{"href":"https:\/\/brentina.ro\/hu\/wp-json\/wp\/v2\/product"}],"about":[{"href":"https:\/\/brentina.ro\/hu\/wp-json\/wp\/v2\/types\/product"}],"wp:featuredmedia":[{"embeddable":true,"href":"https:\/\/brentina.ro\/hu\/wp-json\/wp\/v2\/media\/28336"}],"wp:attachment":[{"href":"https:\/\/brentina.ro\/hu\/wp-json\/wp\/v2\/media?parent=26672"}],"wp:term":[{"taxonomy":"product_cat","embeddable":true,"href":"https:\/\/brentina.ro\/hu\/wp-json\/wp\/v2\/product_cat?post=26672"},{"taxonomy":"product_tag","embeddable":true,"href":"https:\/\/brentina.ro\/hu\/wp-json\/wp\/v2\/product_tag?post=26672"}],"curies":[{"name":"wp","href":"https:\/\/api.w.org\/{rel}","templated":true}]}}