{"id":26669,"date":"2024-08-08T16:50:59","date_gmt":"2024-08-08T13:50:59","guid":{"rendered":"https:\/\/brentina.ro\/product\/muanyag-klipek\/"},"modified":"2025-01-14T13:04:14","modified_gmt":"2025-01-14T11:04:14","slug":"muanyag-csipesz-gyuruvel","status":"publish","type":"product","link":"https:\/\/brentina.ro\/hu\/termek\/muanyag-csipesz-gyuruvel\/","title":{"rendered":"M\u0171anyag csipesz gy\u0171r\u0171vel"},"content":{"rendered":"","protected":false},"excerpt":{"rendered":"<p>M\u0171anyag csipes gy\u0171r\u0171vel.<br \/>\nFeh\u00e9r szin.<br \/>\n100 db-os csomagol\u00e1s<\/p>\n","protected":false},"featured_media":24950,"template":"","meta":[],"product_cat":[298,560],"product_tag":[],"_links":{"self":[{"href":"https:\/\/brentina.ro\/hu\/wp-json\/wp\/v2\/product\/26669"}],"collection":[{"href":"https:\/\/brentina.ro\/hu\/wp-json\/wp\/v2\/product"}],"about":[{"href":"https:\/\/brentina.ro\/hu\/wp-json\/wp\/v2\/types\/product"}],"wp:featuredmedia":[{"embeddable":true,"href":"https:\/\/brentina.ro\/hu\/wp-json\/wp\/v2\/media\/24950"}],"wp:attachment":[{"href":"https:\/\/brentina.ro\/hu\/wp-json\/wp\/v2\/media?parent=26669"}],"wp:term":[{"taxonomy":"product_cat","embeddable":true,"href":"https:\/\/brentina.ro\/hu\/wp-json\/wp\/v2\/product_cat?post=26669"},{"taxonomy":"product_tag","embeddable":true,"href":"https:\/\/brentina.ro\/hu\/wp-json\/wp\/v2\/product_tag?post=26669"}],"curies":[{"name":"wp","href":"https:\/\/api.w.org\/{rel}","templated":true}]}}