{"id":26663,"date":"2024-08-08T16:50:59","date_gmt":"2024-08-08T13:50:59","guid":{"rendered":"https:\/\/brentina.ro\/product\/nagy-feju-galeriakampok\/"},"modified":"2024-08-15T16:33:50","modified_gmt":"2024-08-15T13:33:50","slug":"nagy-feju-galeriakampok","status":"publish","type":"product","link":"https:\/\/brentina.ro\/hu\/termek\/nagy-feju-galeriakampok\/","title":{"rendered":"Nagy fej\u0171 gal\u00e9riakamp\u00f3k"},"content":{"rendered":"","protected":false},"excerpt":{"rendered":"<p>C\u00e2rlige din plastic pentru inele de lemn.<\/p>\n<p>Interior \u00d8 9,2 mm.<\/p>\n<p>Setul con\u021bine 100 buc.<\/p>\n<p>Dimensiuni: 35 mm x 15 mm<\/p>\n","protected":false},"featured_media":24951,"template":"","meta":[],"product_cat":[299,298],"product_tag":[],"_links":{"self":[{"href":"https:\/\/brentina.ro\/hu\/wp-json\/wp\/v2\/product\/26663"}],"collection":[{"href":"https:\/\/brentina.ro\/hu\/wp-json\/wp\/v2\/product"}],"about":[{"href":"https:\/\/brentina.ro\/hu\/wp-json\/wp\/v2\/types\/product"}],"wp:featuredmedia":[{"embeddable":true,"href":"https:\/\/brentina.ro\/hu\/wp-json\/wp\/v2\/media\/24951"}],"wp:attachment":[{"href":"https:\/\/brentina.ro\/hu\/wp-json\/wp\/v2\/media?parent=26663"}],"wp:term":[{"taxonomy":"product_cat","embeddable":true,"href":"https:\/\/brentina.ro\/hu\/wp-json\/wp\/v2\/product_cat?post=26663"},{"taxonomy":"product_tag","embeddable":true,"href":"https:\/\/brentina.ro\/hu\/wp-json\/wp\/v2\/product_tag?post=26663"}],"curies":[{"name":"wp","href":"https:\/\/api.w.org\/{rel}","templated":true}]}}