{"id":26653,"date":"2024-08-08T16:51:14","date_gmt":"2024-08-08T13:51:14","guid":{"rendered":"https:\/\/brentina.ro\/product\/carlige-sina-mare-u-sin-horgok\/"},"modified":"2024-08-08T16:51:14","modified_gmt":"2024-08-08T13:51:14","slug":"carlige-sina-mare-u-sin-horgok","status":"publish","type":"product","link":"https:\/\/brentina.ro\/hu\/termek\/carlige-sina-mare-u-sin-horgok\/","title":{"rendered":"Nagy &#8220;U&#8221;  f\u00fcgg\u00f6ny s\u00edn horgok"},"content":{"rendered":"","protected":false},"excerpt":{"rendered":"<p>C\u00e2rlige cu roti\u021be mari, din plastic, pentru \u0219in\u0103 de PVC.<\/p>\n<p>Setul con\u021bine 100 buc.<\/p>\n<p><strong>Dimensiune: 29 mm x 10 mm<\/strong><\/p>\n","protected":false},"featured_media":24980,"template":"","meta":[],"product_cat":[299,298],"product_tag":[],"_links":{"self":[{"href":"https:\/\/brentina.ro\/hu\/wp-json\/wp\/v2\/product\/26653"}],"collection":[{"href":"https:\/\/brentina.ro\/hu\/wp-json\/wp\/v2\/product"}],"about":[{"href":"https:\/\/brentina.ro\/hu\/wp-json\/wp\/v2\/types\/product"}],"wp:featuredmedia":[{"embeddable":true,"href":"https:\/\/brentina.ro\/hu\/wp-json\/wp\/v2\/media\/24980"}],"wp:attachment":[{"href":"https:\/\/brentina.ro\/hu\/wp-json\/wp\/v2\/media?parent=26653"}],"wp:term":[{"taxonomy":"product_cat","embeddable":true,"href":"https:\/\/brentina.ro\/hu\/wp-json\/wp\/v2\/product_cat?post=26653"},{"taxonomy":"product_tag","embeddable":true,"href":"https:\/\/brentina.ro\/hu\/wp-json\/wp\/v2\/product_tag?post=26653"}],"curies":[{"name":"wp","href":"https:\/\/api.w.org\/{rel}","templated":true}]}}