{"id":26652,"date":"2024-08-08T16:51:14","date_gmt":"2024-08-08T13:51:14","guid":{"rendered":"https:\/\/brentina.ro\/product\/torok-fuggony-sin-horgok\/"},"modified":"2024-08-08T16:51:14","modified_gmt":"2024-08-08T13:51:14","slug":"torok-fuggony-sin-horgok","status":"publish","type":"product","link":"https:\/\/brentina.ro\/hu\/termek\/torok-fuggony-sin-horgok\/","title":{"rendered":"T\u00f6r\u00f6k f\u00fcgg\u00f6ny s\u00edn horgok"},"content":{"rendered":"","protected":false},"excerpt":{"rendered":"<p>C\u00e2rlige din plastic pentru \u0219in\u0103 de PVC.<\/p>\n<p>Setul con\u021bine 100 de buc\u0103\u021bi.<\/p>\n<p><strong>Dimensiune: 26 mm x 11 mm<\/strong><\/p>\n","protected":false},"featured_media":24983,"template":"","meta":[],"product_cat":[299,298],"product_tag":[],"_links":{"self":[{"href":"https:\/\/brentina.ro\/hu\/wp-json\/wp\/v2\/product\/26652"}],"collection":[{"href":"https:\/\/brentina.ro\/hu\/wp-json\/wp\/v2\/product"}],"about":[{"href":"https:\/\/brentina.ro\/hu\/wp-json\/wp\/v2\/types\/product"}],"wp:featuredmedia":[{"embeddable":true,"href":"https:\/\/brentina.ro\/hu\/wp-json\/wp\/v2\/media\/24983"}],"wp:attachment":[{"href":"https:\/\/brentina.ro\/hu\/wp-json\/wp\/v2\/media?parent=26652"}],"wp:term":[{"taxonomy":"product_cat","embeddable":true,"href":"https:\/\/brentina.ro\/hu\/wp-json\/wp\/v2\/product_cat?post=26652"},{"taxonomy":"product_tag","embeddable":true,"href":"https:\/\/brentina.ro\/hu\/wp-json\/wp\/v2\/product_tag?post=26652"}],"curies":[{"name":"wp","href":"https:\/\/api.w.org\/{rel}","templated":true}]}}