{"id":26643,"date":"2024-08-08T16:51:15","date_gmt":"2024-08-08T13:51:15","guid":{"rendered":"https:\/\/brentina.ro\/product\/galeria-gyuruk-muanyag\/"},"modified":"2024-08-08T16:51:15","modified_gmt":"2024-08-08T13:51:15","slug":"galeria-gyuruk-muanyag","status":"publish","type":"product","link":"https:\/\/brentina.ro\/hu\/termek\/galeria-gyuruk-muanyag\/","title":{"rendered":"Gal\u00e9ria gy\u0171r\u0171k &#8211; m\u0171anyag"},"content":{"rendered":"","protected":false},"excerpt":{"rendered":"<p>M\u0171anyag gal\u00e9ria gy\u0171r\u0171k. 10 db-os k\u00e9szlet<\/p>\n","protected":false},"featured_media":24993,"template":"","meta":[],"product_cat":[549,298],"product_tag":[],"_links":{"self":[{"href":"https:\/\/brentina.ro\/hu\/wp-json\/wp\/v2\/product\/26643"}],"collection":[{"href":"https:\/\/brentina.ro\/hu\/wp-json\/wp\/v2\/product"}],"about":[{"href":"https:\/\/brentina.ro\/hu\/wp-json\/wp\/v2\/types\/product"}],"wp:featuredmedia":[{"embeddable":true,"href":"https:\/\/brentina.ro\/hu\/wp-json\/wp\/v2\/media\/24993"}],"wp:attachment":[{"href":"https:\/\/brentina.ro\/hu\/wp-json\/wp\/v2\/media?parent=26643"}],"wp:term":[{"taxonomy":"product_cat","embeddable":true,"href":"https:\/\/brentina.ro\/hu\/wp-json\/wp\/v2\/product_cat?post=26643"},{"taxonomy":"product_tag","embeddable":true,"href":"https:\/\/brentina.ro\/hu\/wp-json\/wp\/v2\/product_tag?post=26643"}],"curies":[{"name":"wp","href":"https:\/\/api.w.org\/{rel}","templated":true}]}}