{"id":26620,"date":"2024-08-08T16:51:38","date_gmt":"2024-08-08T13:51:38","guid":{"rendered":"https:\/\/brentina.ro\/product\/muanyag-gyuruk-o25mm-30mm-38mm-42mm\/"},"modified":"2024-08-08T16:51:38","modified_gmt":"2024-08-08T13:51:38","slug":"muanyag-gyuruk-o25mm-30mm-38mm-42mm","status":"publish","type":"product","link":"https:\/\/brentina.ro\/hu\/termek\/muanyag-gyuruk-o25mm-30mm-38mm-42mm\/","title":{"rendered":"M\u0171anyag gy\u0171r\u0171k \u00d825mm, 30mm, 38mm, 42mm"},"content":{"rendered":"","protected":false},"excerpt":{"rendered":"<p>Inele din plastic.<br \/>\nDiametrul de \u00d825, set de 250 buc.<br \/>\nDiametrul de \u00d830, set de 250 buc.<br \/>\nDiametrul de \u00d838, set de 250 buc.<br \/>\nDiametrul de \u00d842, set de 250 buc.<\/p>\n","protected":false},"featured_media":24998,"template":"","meta":[],"product_cat":[549,298],"product_tag":[],"_links":{"self":[{"href":"https:\/\/brentina.ro\/hu\/wp-json\/wp\/v2\/product\/26620"}],"collection":[{"href":"https:\/\/brentina.ro\/hu\/wp-json\/wp\/v2\/product"}],"about":[{"href":"https:\/\/brentina.ro\/hu\/wp-json\/wp\/v2\/types\/product"}],"wp:featuredmedia":[{"embeddable":true,"href":"https:\/\/brentina.ro\/hu\/wp-json\/wp\/v2\/media\/24998"}],"wp:attachment":[{"href":"https:\/\/brentina.ro\/hu\/wp-json\/wp\/v2\/media?parent=26620"}],"wp:term":[{"taxonomy":"product_cat","embeddable":true,"href":"https:\/\/brentina.ro\/hu\/wp-json\/wp\/v2\/product_cat?post=26620"},{"taxonomy":"product_tag","embeddable":true,"href":"https:\/\/brentina.ro\/hu\/wp-json\/wp\/v2\/product_tag?post=26620"}],"curies":[{"name":"wp","href":"https:\/\/api.w.org\/{rel}","templated":true}]}}