{"id":26603,"date":"2024-08-08T16:52:24","date_gmt":"2024-08-08T13:52:24","guid":{"rendered":"https:\/\/brentina.ro\/product\/fekete-vagy-szines-dupla-konzolok\/"},"modified":"2024-08-08T16:52:24","modified_gmt":"2024-08-08T13:52:24","slug":"fekete-vagy-szines-dupla-konzolok","status":"publish","type":"product","link":"https:\/\/brentina.ro\/hu\/termek\/fekete-vagy-szines-dupla-konzolok\/","title":{"rendered":"Fekete vagy sz\u00ednes dupla konzolok"},"content":{"rendered":"","protected":false},"excerpt":{"rendered":"<p>F\u00e9m konzolok. K\u00e9szlet 2 db.<\/p>\n","protected":false},"featured_media":25020,"template":"","meta":[],"product_cat":[298,540],"product_tag":[],"_links":{"self":[{"href":"https:\/\/brentina.ro\/hu\/wp-json\/wp\/v2\/product\/26603"}],"collection":[{"href":"https:\/\/brentina.ro\/hu\/wp-json\/wp\/v2\/product"}],"about":[{"href":"https:\/\/brentina.ro\/hu\/wp-json\/wp\/v2\/types\/product"}],"wp:featuredmedia":[{"embeddable":true,"href":"https:\/\/brentina.ro\/hu\/wp-json\/wp\/v2\/media\/25020"}],"wp:attachment":[{"href":"https:\/\/brentina.ro\/hu\/wp-json\/wp\/v2\/media?parent=26603"}],"wp:term":[{"taxonomy":"product_cat","embeddable":true,"href":"https:\/\/brentina.ro\/hu\/wp-json\/wp\/v2\/product_cat?post=26603"},{"taxonomy":"product_tag","embeddable":true,"href":"https:\/\/brentina.ro\/hu\/wp-json\/wp\/v2\/product_tag?post=26603"}],"curies":[{"name":"wp","href":"https:\/\/api.w.org\/{rel}","templated":true}]}}