{"id":24518,"date":"2024-08-08T16:51:14","date_gmt":"2024-08-08T13:51:14","guid":{"rendered":"https:\/\/brentina.ro\/product\/auger-hooks\/"},"modified":"2024-08-08T16:51:14","modified_gmt":"2024-08-08T13:51:14","slug":"auger-hooks","status":"publish","type":"product","link":"https:\/\/brentina.ro\/en\/product\/auger-hooks\/","title":{"rendered":"Auger hooks"},"content":{"rendered":"","protected":false},"excerpt":{"rendered":"<p>C\u00e2rlige din plastic \u00een form\u0103 de melc pentru \u0219in\u0103 sau inele galerie.<\/p>\n<p>Setul con\u021bine 100 buc.<\/p>\n<p>Dimensiune: 28 mm x 10 mm<\/p>\n","protected":false},"featured_media":1034,"template":"","meta":[],"product_cat":[166,167],"product_tag":[],"_links":{"self":[{"href":"https:\/\/brentina.ro\/en\/wp-json\/wp\/v2\/product\/24518"}],"collection":[{"href":"https:\/\/brentina.ro\/en\/wp-json\/wp\/v2\/product"}],"about":[{"href":"https:\/\/brentina.ro\/en\/wp-json\/wp\/v2\/types\/product"}],"wp:featuredmedia":[{"embeddable":true,"href":"https:\/\/brentina.ro\/en\/wp-json\/wp\/v2\/media\/1034"}],"wp:attachment":[{"href":"https:\/\/brentina.ro\/en\/wp-json\/wp\/v2\/media?parent=24518"}],"wp:term":[{"taxonomy":"product_cat","embeddable":true,"href":"https:\/\/brentina.ro\/en\/wp-json\/wp\/v2\/product_cat?post=24518"},{"taxonomy":"product_tag","embeddable":true,"href":"https:\/\/brentina.ro\/en\/wp-json\/wp\/v2\/product_tag?post=24518"}],"curies":[{"name":"wp","href":"https:\/\/api.w.org\/{rel}","templated":true}]}}