{"id":24517,"date":"2024-08-08T16:51:14","date_gmt":"2024-08-08T13:51:14","guid":{"rendered":"https:\/\/brentina.ro\/product\/wire-hooks\/"},"modified":"2024-08-08T16:51:14","modified_gmt":"2024-08-08T13:51:14","slug":"wire-hooks","status":"publish","type":"product","link":"https:\/\/brentina.ro\/en\/product\/wire-hooks\/","title":{"rendered":"Wire hooks"},"content":{"rendered":"","protected":false},"excerpt":{"rendered":"<p>C\u00e2rlige din plastic pentru s\u00e2rm\u0103. Interior \u00d8 3 mm.<\/p>\n<p>Setul con\u021bine 100 buc.<\/p>\n<p>Dimensiune: 28 mm x 10 mm<\/p>\n","protected":false},"featured_media":1036,"template":"","meta":[],"product_cat":[166,167],"product_tag":[],"_links":{"self":[{"href":"https:\/\/brentina.ro\/en\/wp-json\/wp\/v2\/product\/24517"}],"collection":[{"href":"https:\/\/brentina.ro\/en\/wp-json\/wp\/v2\/product"}],"about":[{"href":"https:\/\/brentina.ro\/en\/wp-json\/wp\/v2\/types\/product"}],"wp:featuredmedia":[{"embeddable":true,"href":"https:\/\/brentina.ro\/en\/wp-json\/wp\/v2\/media\/1036"}],"wp:attachment":[{"href":"https:\/\/brentina.ro\/en\/wp-json\/wp\/v2\/media?parent=24517"}],"wp:term":[{"taxonomy":"product_cat","embeddable":true,"href":"https:\/\/brentina.ro\/en\/wp-json\/wp\/v2\/product_cat?post=24517"},{"taxonomy":"product_tag","embeddable":true,"href":"https:\/\/brentina.ro\/en\/wp-json\/wp\/v2\/product_tag?post=24517"}],"curies":[{"name":"wp","href":"https:\/\/api.w.org\/{rel}","templated":true}]}}