{"id":24514,"date":"2024-08-08T16:51:14","date_gmt":"2024-08-08T13:51:14","guid":{"rendered":"https:\/\/brentina.ro\/product\/outer-rail-hooks\/"},"modified":"2024-08-08T16:51:14","modified_gmt":"2024-08-08T13:51:14","slug":"outer-rail-hooks","status":"publish","type":"product","link":"https:\/\/brentina.ro\/en\/product\/outer-rail-hooks\/","title":{"rendered":"Outer rail hooks"},"content":{"rendered":"","protected":false},"excerpt":{"rendered":"<p>\u00e2rlige din material metal+plastic (f\u0103r\u0103 agraf\u0103) pentru \u0219in\u0103 flexibil\u0103.<\/p>\n<p>Roti\u021ba \u00d8 8mm.<\/p>\n<p>Setul con\u021bine 100 buc.<\/p>\n<p><strong>Dimensiune: 16 mm x 12 mm<\/strong><\/p>\n","protected":false},"featured_media":1045,"template":"","meta":[],"product_cat":[166,167],"product_tag":[],"_links":{"self":[{"href":"https:\/\/brentina.ro\/en\/wp-json\/wp\/v2\/product\/24514"}],"collection":[{"href":"https:\/\/brentina.ro\/en\/wp-json\/wp\/v2\/product"}],"about":[{"href":"https:\/\/brentina.ro\/en\/wp-json\/wp\/v2\/types\/product"}],"wp:featuredmedia":[{"embeddable":true,"href":"https:\/\/brentina.ro\/en\/wp-json\/wp\/v2\/media\/1045"}],"wp:attachment":[{"href":"https:\/\/brentina.ro\/en\/wp-json\/wp\/v2\/media?parent=24514"}],"wp:term":[{"taxonomy":"product_cat","embeddable":true,"href":"https:\/\/brentina.ro\/en\/wp-json\/wp\/v2\/product_cat?post=24514"},{"taxonomy":"product_tag","embeddable":true,"href":"https:\/\/brentina.ro\/en\/wp-json\/wp\/v2\/product_tag?post=24514"}],"curies":[{"name":"wp","href":"https:\/\/api.w.org\/{rel}","templated":true}]}}