{"id":26034,"date":"2024-08-08T16:52:24","date_gmt":"2024-08-08T13:52:24","guid":{"rendered":"https:\/\/brentina.ro\/product\/elektrischer-hefter\/"},"modified":"2024-08-08T16:52:24","modified_gmt":"2024-08-08T13:52:24","slug":"elektrischer-hefter","status":"publish","type":"product","link":"https:\/\/brentina.ro\/de\/produkt\/elektrischer-hefter\/","title":{"rendered":"Elektrischer Hefter"},"content":{"rendered":"","protected":false},"excerpt":{"rendered":"<p>Aparat electric de gaurit perdea pentru capse.<\/p>\n<p>Conectare priz\u0103 la 220V.<\/p>\n<p>Cu\u021bite deta\u0219abile. Disponibil dou\u0103 m\u0103rimi : \u00d8 35 \u0219i \u00d8 42.<\/p>\n<p>Utilizare facil\u0103.<\/p>\n","protected":false},"featured_media":25480,"template":"","meta":[],"product_cat":[450,311],"product_tag":[],"_links":{"self":[{"href":"https:\/\/brentina.ro\/de\/wp-json\/wp\/v2\/product\/26034"}],"collection":[{"href":"https:\/\/brentina.ro\/de\/wp-json\/wp\/v2\/product"}],"about":[{"href":"https:\/\/brentina.ro\/de\/wp-json\/wp\/v2\/types\/product"}],"wp:featuredmedia":[{"embeddable":true,"href":"https:\/\/brentina.ro\/de\/wp-json\/wp\/v2\/media\/25480"}],"wp:attachment":[{"href":"https:\/\/brentina.ro\/de\/wp-json\/wp\/v2\/media?parent=26034"}],"wp:term":[{"taxonomy":"product_cat","embeddable":true,"href":"https:\/\/brentina.ro\/de\/wp-json\/wp\/v2\/product_cat?post=26034"},{"taxonomy":"product_tag","embeddable":true,"href":"https:\/\/brentina.ro\/de\/wp-json\/wp\/v2\/product_tag?post=26034"}],"curies":[{"name":"wp","href":"https:\/\/api.w.org\/{rel}","templated":true}]}}